{"id":103218,"date":"2021-03-08T09:18:29","date_gmt":"2021-03-08T09:18:29","guid":{"rendered":"https:\/\/orchidcork.com\/startseite\/"},"modified":"2026-02-17T18:51:48","modified_gmt":"2026-02-17T18:51:48","slug":"startseite","status":"publish","type":"page","link":"https:\/\/orchidcork.com\/de\/","title":{"rendered":"Startseite"},"content":{"rendered":"<p>[et_pb_section fb_built=&#8220;1&#8243; _builder_version=&#8220;4.27.4&#8243; _module_preset=&#8220;default&#8220; use_background_color_gradient=&#8220;on&#8220; background_color_gradient_direction=&#8220;90deg&#8220; background_color_gradient_stops=&#8220;rgba(0,0,0,0.34) 28%|rgba(0,0,0,0.39) 100%&#8220; background_color_gradient_overlays_image=&#8220;on&#8220; background_color_gradient_start=&#8220;rgba(0,0,0,0.34)&#8220; background_color_gradient_start_position=&#8220;28%&#8220; background_color_gradient_end=&#8220;rgba(0,0,0,0.39)&#8220; background_image=&#8220;https:\/\/orchidcork.com\/wp-content\/uploads\/2025\/12\/portada.webp&#8220; width=&#8220;100%&#8220; max_width=&#8220;100%&#8220; height=&#8220;105vh&#8220; max_height=&#8220;1000px&#8220; custom_margin=&#8220;-40px||||false|false&#8220; custom_padding=&#8220;||0px|||&#8220; box_shadow_style=&#8220;preset6&#8243; global_colors_info=&#8220;{}&#8220;][et_pb_row column_structure=&#8220;3_5,2_5&#8243; _builder_version=&#8220;4.16&#8243; _module_preset=&#8220;default&#8220; custom_margin=&#8220;1%|auto||auto|false|false&#8220; global_colors_info=&#8220;{}&#8220;][et_pb_column type=&#8220;3_5&#8243; _builder_version=&#8220;4.16&#8243; _module_preset=&#8220;default&#8220; global_colors_info=&#8220;{}&#8220;][et_pb_text _builder_version=&#8220;4.27.4&#8243; _module_preset=&#8220;default&#8220; header_font=&#8220;Playfair Display|300|||||||&#8220; header_text_color=&#8220;#FFFFFF&#8220; header_font_size=&#8220;60px&#8220; min_height=&#8220;153.4px&#8220; custom_margin=&#8220;||15px|||&#8220; header_font_size_tablet=&#8220;&#8220; header_font_size_phone=&#8220;40px&#8220; header_font_size_last_edited=&#8220;on|phone&#8220; custom_css_free_form=&#8220;.hero-brand,||.hero-brand * {||  text-transform: lowercase !important;||}&#8220; global_colors_info=&#8220;{}&#8220;]<\/p>\n<h1>orchidcork<\/h1>\n<p>&nbsp;<\/p>\n<p>[\/et_pb_text][et_pb_text _builder_version=&#8220;4.27.4&#8243; _module_preset=&#8220;default&#8220; header_font=&#8220;|800|||||||&#8220; header_text_color=&#8220;#FFFFFF&#8220; header_font_size=&#8220;60px&#8220; header_2_text_color=&#8220;#FFFFFF&#8220; custom_margin=&#8220;||15px|||&#8220; header_font_size_tablet=&#8220;&#8220; header_font_size_phone=&#8220;40px&#8220; header_font_size_last_edited=&#8220;on|phone&#8220; global_colors_info=&#8220;{}&#8220;]<\/p>\n<h2 class=\"p1\"><i>Terracotta &amp; Handwerk f\u00fcr Orchideenliebhaber<\/i><\/h2>\n<p>[\/et_pb_text][et_pb_text _builder_version=&#8220;4.27.4&#8243; _module_preset=&#8220;default&#8220; text_font=&#8220;|300|||||||&#8220; text_text_color=&#8220;#FFFFFF&#8220; text_font_size=&#8220;28px&#8220; text_line_height=&#8220;1.1em&#8220; text_font_size_tablet=&#8220;&#8220; text_font_size_phone=&#8220;22px&#8220; text_font_size_last_edited=&#8220;on|phone&#8220; global_colors_info=&#8220;{}&#8220;]<\/p>\n<p class=\"p1\"><span class=\"s1\"><i>\u2022 <\/i><\/span><i>Terracotta-T\u00f6pfe f\u00fcr Orchideen<\/i><\/p>\n<p class=\"p1\"><span class=\"s1\"><i>\u2022 <\/i><\/span><i>Orchideen-Befestigungs- und St\u00fctzsysteme<\/i><\/p>\n<p class=\"p1\"><span class=\"s1\"><i>\u2022 <\/i><\/span><i>Orchideen-Pflegeanleitungen und Kulturhinweise<\/i><\/p>\n<p>[\/et_pb_text][et_pb_button button_url=&#8220;https:\/\/orchidcork.com\/shop\/&#8220; button_text=&#8220;Jetzt einkaufen&#8220; _builder_version=&#8220;4.27.4&#8243; _module_preset=&#8220;default&#8220; global_colors_info=&#8220;{}&#8220;][\/et_pb_button][\/et_pb_column][et_pb_column type=&#8220;2_5&#8243; _builder_version=&#8220;4.16&#8243; _module_preset=&#8220;default&#8220; global_colors_info=&#8220;{}&#8220;][\/et_pb_column][\/et_pb_row][\/et_pb_section][et_pb_section fb_built=&#8220;1&#8243; _builder_version=&#8220;4.16&#8243; _module_preset=&#8220;default&#8220; custom_margin=&#8220;35px|||||&#8220; custom_padding=&#8220;||0px||false|false&#8220; global_colors_info=&#8220;{}&#8220;][et_pb_row _builder_version=&#8220;4.16&#8243; _module_preset=&#8220;default&#8220; global_colors_info=&#8220;{}&#8220;][et_pb_column type=&#8220;4_4&#8243; _builder_version=&#8220;4.16&#8243; _module_preset=&#8220;default&#8220; global_colors_info=&#8220;{}&#8220;][et_pb_text _builder_version=&#8220;4.27.4&#8243; _module_preset=&#8220;default&#8220; header_2_text_align=&#8220;center&#8220; custom_margin=&#8220;||25px||false|false&#8220; global_colors_info=&#8220;{}&#8220;]<\/p>\n<h2>\u201eOrchideenpflege mit Terrakotta\u201c<\/h2>\n<p>[\/et_pb_text][et_pb_divider _builder_version=&#8220;4.16&#8243; _module_preset=&#8220;default&#8220; width=&#8220;100px&#8220; module_alignment=&#8220;center&#8220; custom_margin=&#8220;||0px||false|false&#8220; global_colors_info=&#8220;{}&#8220;][\/et_pb_divider][\/et_pb_column][\/et_pb_row][et_pb_row column_structure=&#8220;1_2,1_2&#8243; use_custom_gutter=&#8220;on&#8220; gutter_width=&#8220;1&#8243; _builder_version=&#8220;4.16&#8243; _module_preset=&#8220;default&#8220; width=&#8220;100%&#8220; max_width=&#8220;100%&#8220; custom_padding=&#8220;0px||0px||true|false&#8220; global_colors_info=&#8220;{}&#8220;][et_pb_column type=&#8220;1_2&#8243; _builder_version=&#8220;4.16&#8243; _module_preset=&#8220;default&#8220; border_width_right=&#8220;3px&#8220; border_color_right=&#8220;#FFFFFF&#8220; border_color_bottom=&#8220;#FFFFFF&#8220; border_width_right_tablet=&#8220;0px&#8220; border_width_right_phone=&#8220;0px&#8220; border_width_right_last_edited=&#8220;on|phone&#8220; border_width_bottom_tablet=&#8220;5px&#8220; border_width_bottom_phone=&#8220;&#8220; border_width_bottom_last_edited=&#8220;on|phone&#8220; global_colors_info=&#8220;{}&#8220;][et_pb_image src=&#8220;https:\/\/orchidcork.com\/wp-content\/uploads\/2026\/02\/Lpatitas-orchidcork-pha-den.webp&#8220; title_text=&#8220;Lpatitas-orchidcork-pha-den&#8220; module_class=&#8220;zoom-image-hover&#8220; _builder_version=&#8220;4.27.4&#8243; _module_preset=&#8220;default&#8220; global_colors_info=&#8220;{}&#8220;][\/et_pb_image][et_pb_cta title=&#8220;Orchideent\u00f6pfe mit erh\u00f6hten F\u00fc\u00dfen&#8220; button_url=&#8220;https:\/\/orchidcork.com\/product\/unglazed-terracotta-orchid-pots-with-raised-feet-and-side-ventilation\/&#8220; button_text=&#8220;Jetzt einkaufen&#8220; module_class=&#8220;homepage-v1-promote-text&#8220; _builder_version=&#8220;4.27.4&#8243; _module_preset=&#8220;default&#8220; header_font=&#8220;|300|||||||&#8220; header_text_color=&#8220;#6E6E6E&#8220; header_font_size=&#8220;52px&#8220; background_enable_color=&#8220;off&#8220; header_font_size_tablet=&#8220;&#8220; header_font_size_phone=&#8220;40px&#8220; header_font_size_last_edited=&#8220;on|phone&#8220; header_text_shadow_style=&#8220;preset3&#8243; header_text_shadow_horizontal_length=&#8220;0.02em&#8220; header_text_shadow_vertical_length=&#8220;0.02em&#8220; header_text_shadow_blur_strength=&#8220;0.05em&#8220; global_colors_info=&#8220;{}&#8220;][\/et_pb_cta][\/et_pb_column][et_pb_column type=&#8220;1_2&#8243; _builder_version=&#8220;4.16&#8243; _module_preset=&#8220;default&#8220; border_width_left=&#8220;3px&#8220; border_color_left=&#8220;#FFFFFF&#8220; border_width_left_tablet=&#8220;0px&#8220; border_width_left_phone=&#8220;&#8220; border_width_left_last_edited=&#8220;on|phone&#8220; global_colors_info=&#8220;{}&#8220;][et_pb_image src=&#8220;https:\/\/orchidcork.com\/wp-content\/uploads\/2026\/02\/maria-catlteya-scaled.webp&#8220; title_text=&#8220;maria catlteya&#8220; module_class=&#8220;zoom-image-hover&#8220; _builder_version=&#8220;4.27.4&#8243; _module_preset=&#8220;default&#8220; global_colors_info=&#8220;{}&#8220;][\/et_pb_image][et_pb_cta title=&#8220;Cattleya und epiphytische Orchideen&#8220; button_url=&#8220;https:\/\/orchidcork.com\/product\/terracotta-pots-cattleya-epiphytic\/&#8220; button_text=&#8220;Jetzt einkaufen&#8220; module_class=&#8220;homepage-v1-promote-text&#8220; _builder_version=&#8220;4.27.4&#8243; _module_preset=&#8220;default&#8220; header_level=&#8220;h4&#8243; header_font=&#8220;|300||||on|||&#8220; header_text_color=&#8220;#6E6E6E&#8220; header_font_size=&#8220;52px&#8220; background_enable_color=&#8220;off&#8220; header_font_size_tablet=&#8220;&#8220; header_font_size_phone=&#8220;40px&#8220; header_font_size_last_edited=&#8220;on|phone&#8220; header_text_shadow_style=&#8220;preset3&#8243; header_text_shadow_horizontal_length=&#8220;0.02em&#8220; header_text_shadow_vertical_length=&#8220;0.02em&#8220; header_text_shadow_blur_strength=&#8220;0.05em&#8220; global_colors_info=&#8220;{}&#8220;][\/et_pb_cta][\/et_pb_column][\/et_pb_row][\/et_pb_section][et_pb_section fb_built=&#8220;1&#8243; _builder_version=&#8220;4.16&#8243; _module_preset=&#8220;default&#8220; custom_padding=&#8220;||0px||false|false&#8220; global_colors_info=&#8220;{}&#8220;][et_pb_row _builder_version=&#8220;4.16&#8243; _module_preset=&#8220;default&#8220; global_colors_info=&#8220;{}&#8220;][et_pb_column type=&#8220;4_4&#8243; _builder_version=&#8220;4.16&#8243; _module_preset=&#8220;default&#8220; global_colors_info=&#8220;{}&#8220;][et_pb_text _builder_version=&#8220;4.27.4&#8243; _module_preset=&#8220;default&#8220; header_2_text_align=&#8220;center&#8220; custom_margin=&#8220;||25px||false|false&#8220; global_colors_info=&#8220;{}&#8220;]<\/p>\n<h2>T-Shirt Orchideen Botanisch<\/h2>\n<p>[\/et_pb_text][et_pb_divider _builder_version=&#8220;4.16&#8243; _module_preset=&#8220;default&#8220; width=&#8220;100px&#8220; module_alignment=&#8220;center&#8220; custom_margin=&#8220;||0px||false|false&#8220; global_colors_info=&#8220;{}&#8220;][\/et_pb_divider][et_pb_shop type=&#8220;product_category&#8220; posts_number=&#8220;3&#8243; include_categories=&#8220;34,32&#8243; columns_number=&#8220;3&#8243; sale_badge_color=&#8220;#DA171F&#8220; icon_hover_color=&#8220;RGBA(0,0,0,0)&#8220; hover_overlay_color=&#8220;RGBA(0,0,0,0)&#8220; module_class=&#8220;dc-shop-v1&#8243; _builder_version=&#8220;4.16&#8243; _module_preset=&#8220;default&#8220; price_text_color=&#8220;#000000&#8243; sale_badge_font=&#8220;|||on|||||&#8220; sale_badge_font_size=&#8220;14px&#8220; sale_badge_line_height=&#8220;1.1em&#8220; rating_text_color=&#8220;#DA171F&#8220; global_colors_info=&#8220;null&#8220;][\/et_pb_shop][\/et_pb_column][\/et_pb_row][\/et_pb_section]<\/p>\n","protected":false},"excerpt":{"rendered":"<p>orchidcork &nbsp;Terracotta &amp; Handwerk f\u00fcr Orchideenliebhaber\u2022 Terracotta-T\u00f6pfe f\u00fcr Orchideen \u2022 Orchideen-Befestigungs- und St\u00fctzsysteme \u2022 Orchideen-Pflegeanleitungen und Kulturhinweise\u201eOrchideenpflege mit Terrakotta\u201cT-Shirt Orchideen Botanisch<\/p>\n","protected":false},"author":1,"featured_media":0,"parent":0,"menu_order":0,"comment_status":"closed","ping_status":"closed","template":"","meta":{"_et_pb_use_builder":"on","_et_pb_old_content":"","_et_gb_content_width":"","footnotes":""},"class_list":["post-103218","page","type-page","status-publish","hentry"],"_links":{"self":[{"href":"https:\/\/orchidcork.com\/de\/wp-json\/wp\/v2\/pages\/103218","targetHints":{"allow":["GET"]}}],"collection":[{"href":"https:\/\/orchidcork.com\/de\/wp-json\/wp\/v2\/pages"}],"about":[{"href":"https:\/\/orchidcork.com\/de\/wp-json\/wp\/v2\/types\/page"}],"author":[{"embeddable":true,"href":"https:\/\/orchidcork.com\/de\/wp-json\/wp\/v2\/users\/1"}],"replies":[{"embeddable":true,"href":"https:\/\/orchidcork.com\/de\/wp-json\/wp\/v2\/comments?post=103218"}],"version-history":[{"count":2,"href":"https:\/\/orchidcork.com\/de\/wp-json\/wp\/v2\/pages\/103218\/revisions"}],"predecessor-version":[{"id":103220,"href":"https:\/\/orchidcork.com\/de\/wp-json\/wp\/v2\/pages\/103218\/revisions\/103220"}],"wp:attachment":[{"href":"https:\/\/orchidcork.com\/de\/wp-json\/wp\/v2\/media?parent=103218"}],"curies":[{"name":"wp","href":"https:\/\/api.w.org\/{rel}","templated":true}]}}