{"id":103224,"date":"2025-04-05T18:58:08","date_gmt":"2025-04-05T18:58:08","guid":{"rendered":"https:\/\/orchidcork.com\/ueber-uns\/"},"modified":"2026-02-17T19:08:30","modified_gmt":"2026-02-17T19:08:30","slug":"ueber-uns","status":"publish","type":"page","link":"https:\/\/orchidcork.com\/de\/ueber-uns\/","title":{"rendered":"\u00dcber uns"},"content":{"rendered":"<p>[et_pb_section fb_built=&#8220;1&#8243; admin_label=&#8220;Header&#8220; _builder_version=&#8220;4.21.0&#8243; _module_preset=&#8220;default&#8220; custom_padding=&#8220;||0px||false|false&#8220; collapsed=&#8220;on&#8220; global_colors_info=&#8220;{}&#8220;][et_pb_row _builder_version=&#8220;4.21.0&#8243; _module_preset=&#8220;default&#8220; global_colors_info=&#8220;{}&#8220;][et_pb_column type=&#8220;4_4&#8243; _builder_version=&#8220;4.21.0&#8243; _module_preset=&#8220;default&#8220; global_colors_info=&#8220;{}&#8220;][et_pb_text _builder_version=&#8220;4.21.0&#8243; _module_preset=&#8220;cf32b723-ae47-4054-b884-88f06369811e&#8220; global_colors_info=&#8220;{}&#8220;]<\/p>\n<h1>\u00dcber uns<\/h1>\n<p>[\/et_pb_text][\/et_pb_column][\/et_pb_row][\/et_pb_section][et_pb_section fb_built=&#8220;1&#8243; admin_label=&#8220;About&#8220; _builder_version=&#8220;4.21.0&#8243; _module_preset=&#8220;default&#8220; collapsed=&#8220;on&#8220; global_colors_info=&#8220;{}&#8220; custom_margin=&#8220;||-66px|||&#8220;][et_pb_row column_structure=&#8220;1_2,1_2&#8243; _builder_version=&#8220;4.21.0&#8243; _module_preset=&#8220;default&#8220; global_colors_info=&#8220;{}&#8220; min_height=&#8220;727px&#8220;][et_pb_column type=&#8220;1_2&#8243; _builder_version=&#8220;4.21.0&#8243; _module_preset=&#8220;default&#8220; global_colors_info=&#8220;{}&#8220;][et_pb_text _builder_version=&#8220;4.21.0&#8243; _module_preset=&#8220;afde2f19-648a-4629-8b0f-7e03a44af627&#8243; global_colors_info=&#8220;{}&#8220;]<\/p>\n<h2>Unser Anspruch ist es, einen individuelleren Raum f\u00fcr Sie zu gestalten.<\/h2>\n<p>[\/et_pb_text][et_pb_image src=&#8220;https:\/\/orchidcork.com\/wp-content\/uploads\/2026\/02\/DSC_2791-scaled.webp&#8220; _builder_version=&#8220;4.27.4&#8243; _module_preset=&#8220;default&#8220; title_text=&#8220;DSC_2791&#8243; hover_enabled=&#8220;0&#8243; sticky_enabled=&#8220;0&#8243;][\/et_pb_image][\/et_pb_column][et_pb_column type=&#8220;1_2&#8243; _builder_version=&#8220;4.21.0&#8243; _module_preset=&#8220;default&#8220; global_colors_info=&#8220;{}&#8220;][et_pb_text _builder_version=&#8220;4.27.4&#8243; _module_preset=&#8220;8235b622-df46-470f-bd2d-363ebbf71e08&#8243; hover_enabled=&#8220;0&#8243; global_colors_info=&#8220;{}&#8220; sticky_enabled=&#8220;0&#8243; custom_margin=&#8220;||21px|||&#8220;]<\/p>\n<h3 data-start=\"353\" data-end=\"412\">Ein Zuhause f\u00fcr Orchideen, geschaffen aus Leidenschaft und Erfahrung<\/h3>\n<p>&nbsp;<\/p>\n<p data-start=\"414\" data-end=\"716\">Bei OrchidCork glauben wir, dass Orchideenkultur mehr als ein Hobby ist \u2014 sie ist eine Art, Zeit, Geduld und Balance zu verstehen.<br data-start=\"541\" data-end=\"544\">Unsere Reise begann mit einer tiefen Leidenschaft f\u00fcr die Orchideenkultur, einschlie\u00dflich der In-vitro-Vermehrung, einer faszinierenden Welt, in der Pr\u00e4zision, Sorgfalt und Beobachtung entscheidend sind.<\/p>\n<p data-start=\"718\" data-end=\"992\">Durch jahrelange praktische Erfahrung haben wir erkannt, dass der Erfolg der Orchideenkultur nicht nur von Licht, Feuchtigkeit oder N\u00e4hrstoffen abh\u00e4ngt, sondern auch von den Materialien, die die Wurzeln umgeben. So wurde bei niedriger Temperatur gebrannte Terrakotta zu unserem nat\u00fcrlichen Verb\u00fcndeten. <\/p>\n<h2 data-start=\"999\" data-end=\"1016\">Unsere Philosophie<\/h2>\n<p data-start=\"1018\" data-end=\"1293\">Wir arbeiten mit handgefertigter Terrakotta, die bei niedriger Temperatur gebrannt wird, um ihre Porosit\u00e4t, Atmungsaktivit\u00e4t und nat\u00fcrliche Interaktion mit Wasser zu bewahren.<br data-start=\"1167\" data-end=\"1170\">Diese Eigenschaften schaffen ein stabiles Mikroklima um die Wurzeln und helfen den Orchideen, auf eine naturn\u00e4here Weise zu gedeihen.<\/p>\n<p data-start=\"1295\" data-end=\"1366\">Jedes St\u00fcck, das wir entwerfen, entsteht aus echten Kulturbed\u00fcrfnissen \u2014 nicht aus Trends.<\/p>\n<p data-start=\"1368\" data-end=\"1554\">Ob Sie Ihre Orchideen aufgebunden, im Topf oder in semi-hydroponischen Systemen kultivieren, unsere Terrakotta-Produkte sind darauf ausgelegt, gesunde Wurzeln, kontrollierte Feuchtigkeit und langfristige Pflanzenvitalit\u00e4t zu unterst\u00fctzen.<\/p>\n<p>[\/et_pb_text][\/et_pb_column][\/et_pb_row][\/et_pb_section][et_pb_section fb_built=&#8220;1&#8243; admin_label=&#8220;Video&#8220; _builder_version=&#8220;4.21.0&#8243; _module_preset=&#8220;default&#8220; locked=&#8220;off&#8220; collapsed=&#8220;on&#8220; global_colors_info=&#8220;{}&#8220;][et_pb_row _builder_version=&#8220;4.21.0&#8243; _module_preset=&#8220;default&#8220; max_width=&#8220;822px&#8220; module_alignment=&#8220;center&#8220; saved_tabs=&#8220;all&#8220; global_colors_info=&#8220;{}&#8220; custom_margin=&#8220;-44px|auto||auto||&#8220;][et_pb_column type=&#8220;4_4&#8243; _builder_version=&#8220;4.21.0&#8243; _module_preset=&#8220;default&#8220; global_colors_info=&#8220;{}&#8220;][et_pb_text _builder_version=&#8220;4.21.0&#8243; _module_preset=&#8220;f0e7c831-156e-4902-b4c1-b9761ae32e0c&#8220; header_4_text_color=&#8220;gcid-52e8b489-b10c-41af-b3c4-a69642f2df1f&#8220; text_orientation=&#8220;center&#8220; global_colors_info=&#8220;{%22gcid-52e8b489-b10c-41af-b3c4-a69642f2df1f%22:%91%22header_4_text_color%22%93}&#8220;]<\/p>\n<h4>Liebe deinen Raum<\/h4>\n<p>[\/et_pb_text][et_pb_text _builder_version=&#8220;4.27.4&#8243; _module_preset=&#8220;a4475869-a82a-4d72-b025-67baadd1b08a&#8220; text_orientation=&#8220;center&#8220; hover_enabled=&#8220;0&#8243; global_colors_info=&#8220;{}&#8220; sticky_enabled=&#8220;0&#8243;]<\/p>\n<h3>Handgefertigt f\u00fcr Orchideenliebhaber und f\u00fcr alle, die einfach lieben<\/h3>\n<p>[\/et_pb_text][\/et_pb_column][\/et_pb_row][\/et_pb_section][et_pb_section fb_built=&#8220;1&#8243; admin_label=&#8220;Services&#8220; _builder_version=&#8220;4.21.0&#8243; _module_preset=&#8220;default&#8220; locked=&#8220;off&#8220; collapsed=&#8220;on&#8220; global_colors_info=&#8220;{}&#8220; custom_margin=&#8220;-59px|||||&#8220; min_height=&#8220;874.2px&#8220; custom_padding=&#8220;||15px|||&#8220;][et_pb_row column_structure=&#8220;1_2,1_2&#8243; _builder_version=&#8220;4.21.0&#8243; _module_preset=&#8220;default&#8220; global_colors_info=&#8220;{}&#8220; custom_margin=&#8220;|auto|-7px|auto||&#8220;][et_pb_column type=&#8220;1_2&#8243; _builder_version=&#8220;4.21.0&#8243; _module_preset=&#8220;default&#8220; global_colors_info=&#8220;{}&#8220;][et_pb_image src=&#8220;https:\/\/orchidcork.com\/wp-content\/uploads\/2026\/02\/509024865_644321711995568_3430798451157843965_n-1.webp&#8220; title_text=&#8220;509024865_644321711995568_3430798451157843965_n&#8220; _builder_version=&#8220;4.27.4&#8243; _module_preset=&#8220;default&#8220; hover_enabled=&#8220;0&#8243; border_radii=&#8220;on|50px|50px|50px|50px&#8220; locked=&#8220;off&#8220; global_colors_info=&#8220;{}&#8220; sticky_enabled=&#8220;0&#8243;][\/et_pb_image][\/et_pb_column][et_pb_column type=&#8220;1_2&#8243; _builder_version=&#8220;4.21.0&#8243; _module_preset=&#8220;default&#8220; global_colors_info=&#8220;{}&#8220;][et_pb_text _builder_version=&#8220;4.21.0&#8243; _module_preset=&#8220;afde2f19-648a-4629-8b0f-7e03a44af627&#8243; locked=&#8220;off&#8220; global_colors_info=&#8220;{}&#8220;]<\/p>\n<h2>Was wir tun<\/h2>\n<p>[\/et_pb_text][et_pb_blurb title=&#8220;M\u00f6bel &amp; Accessoires&#8220; use_icon=&#8220;on&#8220; font_icon=&#8220;&#xe0f9;||divi||400&#8243; _builder_version=&#8220;4.27.4&#8243; _module_preset=&#8220;5a66edac-9f3e-4521-8c06-3d7721384a17&#8243; hover_enabled=&#8220;0&#8243; global_colors_info=&#8220;{}&#8220; sticky_enabled=&#8220;0&#8243;]<\/p>\n<h2 data-start=\"1561\" data-end=\"1597\" style=\"text-align: center;\"><\/h2>\n<h2 data-start=\"1561\" data-end=\"1597\" style=\"text-align: left;\"><span style=\"font-size: 26px;\">Von der In-vitro-Kultur zum Wohnraum<\/span><\/h2>\n<p data-start=\"1599\" data-end=\"1717\">Unsere Erfahrung mit der In-vitro-Kultur von Orchideen hat uns eine wesentliche Lektion gelehrt:<br data-start=\"1678\" data-end=\"1681\">Kleine Details machen einen gro\u00dfen Unterschied<\/p>\n<p data-start=\"1719\" data-end=\"1883\">Diese Philosophie leitet alles, was wir schaffen \u2014 von Orchideent\u00f6pfen und Zubeh\u00f6r bis hin zu botanisch inspirierten Designs, die neben Ihren Pflanzen und in Ihrem Zuhause ihren Platz finden.<\/p>\n<p data-start=\"1885\" data-end=\"1995\">Wir betrachten Orchideen nicht als dekorative Objekte, sondern als lebendige Begleiter, die ein durchdachtes und funktionales Design verdienen.<\/p>\n<p>[\/et_pb_blurb][\/et_pb_column][\/et_pb_row][\/et_pb_section][et_pb_section fb_built=&#8220;1&#8243; admin_label=&#8220;Footer Links&#8220; _builder_version=&#8220;4.21.0&#8243; _module_preset=&#8220;default&#8220; saved_tabs=&#8220;all&#8220; locked=&#8220;off&#8220; collapsed=&#8220;on&#8220; global_colors_info=&#8220;{}&#8220; custom_padding=&#8220;27px|||||&#8220; custom_margin=&#8220;-155px|||||&#8220;][et_pb_row column_structure=&#8220;1_2,1_2&#8243; _builder_version=&#8220;4.21.0&#8243; _module_preset=&#8220;default&#8220; global_colors_info=&#8220;{}&#8220; custom_margin=&#8220;-29px|auto||auto||&#8220;][et_pb_column type=&#8220;1_2&#8243; _builder_version=&#8220;4.21.0&#8243; _module_preset=&#8220;default&#8220; global_colors_info=&#8220;{}&#8220;][et_pb_text _builder_version=&#8220;4.27.4&#8243; _module_preset=&#8220;a4475869-a82a-4d72-b025-67baadd1b08a&#8220; custom_margin=&#8220;||20px||false|false&#8220; hover_enabled=&#8220;0&#8243; global_colors_info=&#8220;{}&#8220; sticky_enabled=&#8220;0&#8243;]<\/p>\n<h3>Was wir tun<\/h3>\n<p>[\/et_pb_text][et_pb_text _builder_version=&#8220;4.27.4&#8243; _module_preset=&#8220;8235b622-df46-470f-bd2d-363ebbf71e08&#8243; hover_enabled=&#8220;0&#8243; global_colors_info=&#8220;{}&#8220; sticky_enabled=&#8220;0&#8243; custom_margin=&#8220;-16px|||||&#8220;]<\/p>\n<h2 data-start=\"2002\" data-end=\"2015\"><\/h2>\n<h3 data-start=\"2017\" data-end=\"2059\">\ud83c\udf31 Terrakotta f\u00fcr Orchideen<\/h3>\n<p data-start=\"2060\" data-end=\"2214\">Wir fertigen atmungsaktive T\u00f6pfe zur Unterst\u00fctzung gesunder Wurzeln und kontrollierter Feuchtigkeit.<\/p>\n<h3 data-start=\"2216\" data-end=\"2250\">\ud83d\udd2c Kulturbasierte Gestaltung<\/h3>\n<p data-start=\"2251\" data-end=\"2375\">Inspiriert von In-vitro-Vermehrung und Pflege ausgewachsener Pflanzen.<\/p>\n<h3 data-start=\"2377\" data-end=\"2417\">\u267b\ufe0f Nat\u00fcrliche &amp; nachhaltige Materialien<\/h3>\n<p data-start=\"2418\" data-end=\"2575\">Bei niedriger Temperatur gebrannter Ton, minimale Verarbeitung und langlebige Materialien \u2014 denn Nachhaltigkeit beginnt mit Best\u00e4ndigkeit und dem Respekt vor nat\u00fcrlichen Prozessen.<\/p>\n<p>[\/et_pb_text][\/et_pb_column][et_pb_column type=&#8220;1_2&#8243; _builder_version=&#8220;4.21.0&#8243; _module_preset=&#8220;default&#8220; global_colors_info=&#8220;{}&#8220;][et_pb_image src=&#8220;https:\/\/orchidcork.com\/wp-content\/uploads\/2026\/02\/unisex-garment-dyed-heavyweight-t-shirt-ivory-front-69851160ef019.jpg&#8220; _builder_version=&#8220;4.27.4&#8243; _module_preset=&#8220;default&#8220; title_text=&#8220;unisex-garment-dyed-heavyweight-t-shirt-ivory-front-69851160ef019&#8243; hover_enabled=&#8220;0&#8243; sticky_enabled=&#8220;0&#8243;][\/et_pb_image][\/et_pb_column][\/et_pb_row][et_pb_row _builder_version=&#8220;4.21.0&#8243; _module_preset=&#8220;default&#8220; width=&#8220;100%&#8220; max_width=&#8220;none&#8220; custom_margin=&#8220;30px||||false|false&#8220; custom_padding=&#8220;0px|10%||10%|false|true&#8220; border_color_all=&#8220;rgba(0,0,0,0.12)&#8220; border_width_top=&#8220;1px&#8220; global_colors_info=&#8220;{}&#8220;][et_pb_column type=&#8220;4_4&#8243; _builder_version=&#8220;4.21.0&#8243; _module_preset=&#8220;default&#8220; global_colors_info=&#8220;{}&#8220;][\/et_pb_column][\/et_pb_row][\/et_pb_section]<\/p>\n","protected":false},"excerpt":{"rendered":"<p>\u00dcber unsUnser Anspruch ist es, einen individuelleren Raum f\u00fcr Sie zu gestalten.Ein Zuhause f\u00fcr Orchideen, geschaffen aus Leidenschaft und Erfahrung &nbsp; Bei OrchidCork glauben wir, dass Orchideenkultur mehr als ein Hobby ist \u2014 sie ist eine Art, Zeit, Geduld und Balance zu verstehen.Unsere Reise begann mit einer tiefen Leidenschaft f\u00fcr die Orchideenkultur, einschlie\u00dflich der In-vitro-Vermehrung, [&hellip;]<\/p>\n","protected":false},"author":1,"featured_media":0,"parent":0,"menu_order":0,"comment_status":"closed","ping_status":"closed","template":"","meta":{"_et_pb_use_builder":"on","_et_pb_old_content":"","_et_gb_content_width":"","footnotes":""},"class_list":["post-103224","page","type-page","status-publish","hentry"],"_links":{"self":[{"href":"https:\/\/orchidcork.com\/de\/wp-json\/wp\/v2\/pages\/103224","targetHints":{"allow":["GET"]}}],"collection":[{"href":"https:\/\/orchidcork.com\/de\/wp-json\/wp\/v2\/pages"}],"about":[{"href":"https:\/\/orchidcork.com\/de\/wp-json\/wp\/v2\/types\/page"}],"author":[{"embeddable":true,"href":"https:\/\/orchidcork.com\/de\/wp-json\/wp\/v2\/users\/1"}],"replies":[{"embeddable":true,"href":"https:\/\/orchidcork.com\/de\/wp-json\/wp\/v2\/comments?post=103224"}],"version-history":[{"count":2,"href":"https:\/\/orchidcork.com\/de\/wp-json\/wp\/v2\/pages\/103224\/revisions"}],"predecessor-version":[{"id":103226,"href":"https:\/\/orchidcork.com\/de\/wp-json\/wp\/v2\/pages\/103224\/revisions\/103226"}],"wp:attachment":[{"href":"https:\/\/orchidcork.com\/de\/wp-json\/wp\/v2\/media?parent=103224"}],"curies":[{"name":"wp","href":"https:\/\/api.w.org\/{rel}","templated":true}]}}