{"id":103206,"date":"2025-04-05T18:58:08","date_gmt":"2025-04-05T18:58:08","guid":{"rendered":"https:\/\/orchidcork.com\/a-propos-de-nous\/"},"modified":"2026-02-17T18:32:47","modified_gmt":"2026-02-17T18:32:47","slug":"a-propos-de-nous","status":"publish","type":"page","link":"https:\/\/orchidcork.com\/fr\/a-propos-de-nous\/","title":{"rendered":"\u00c0 propos de nous"},"content":{"rendered":"<p>[et_pb_section fb_built=\u00a0\u00bb1&Prime; admin_label=\u00a0\u00bbHeader\u00a0\u00bb _builder_version=\u00a0\u00bb4.21.0&Prime; _module_preset=\u00a0\u00bbdefault\u00a0\u00bb custom_padding=\u00a0\u00bb||0px||false|false\u00a0\u00bb collapsed=\u00a0\u00bbon\u00a0\u00bb global_colors_info=\u00a0\u00bb{}\u00a0\u00bb][et_pb_row _builder_version=\u00a0\u00bb4.21.0&Prime; _module_preset=\u00a0\u00bbdefault\u00a0\u00bb global_colors_info=\u00a0\u00bb{}\u00a0\u00bb][et_pb_column type=\u00a0\u00bb4_4&Prime; _builder_version=\u00a0\u00bb4.21.0&Prime; _module_preset=\u00a0\u00bbdefault\u00a0\u00bb global_colors_info=\u00a0\u00bb{}\u00a0\u00bb][et_pb_text _builder_version=\u00a0\u00bb4.21.0&Prime; _module_preset=\u00a0\u00bbcf32b723-ae47-4054-b884-88f06369811e\u00a0\u00bb global_colors_info=\u00a0\u00bb{}\u00a0\u00bb]<\/p>\n<h1>\u00c0 propos de nous<\/h1>\n<p>[\/et_pb_text][\/et_pb_column][\/et_pb_row][\/et_pb_section][et_pb_section fb_built=\u00a0\u00bb1&Prime; admin_label=\u00a0\u00bbAbout\u00a0\u00bb _builder_version=\u00a0\u00bb4.21.0&Prime; _module_preset=\u00a0\u00bbdefault\u00a0\u00bb collapsed=\u00a0\u00bbon\u00a0\u00bb global_colors_info=\u00a0\u00bb{}\u00a0\u00bb custom_margin=\u00a0\u00bb||-66px|||\u00a0\u00bb][et_pb_row column_structure=\u00a0\u00bb1_2,1_2&Prime; _builder_version=\u00a0\u00bb4.21.0&Prime; _module_preset=\u00a0\u00bbdefault\u00a0\u00bb global_colors_info=\u00a0\u00bb{}\u00a0\u00bb min_height=\u00a0\u00bb727px\u00a0\u00bb][et_pb_column type=\u00a0\u00bb1_2&Prime; _builder_version=\u00a0\u00bb4.21.0&Prime; _module_preset=\u00a0\u00bbdefault\u00a0\u00bb global_colors_info=\u00a0\u00bb{}\u00a0\u00bb][et_pb_text _builder_version=\u00a0\u00bb4.21.0&Prime; _module_preset=\u00a0\u00bbafde2f19-648a-4629-8b0f-7e03a44af627&Prime; global_colors_info=\u00a0\u00bb{}\u00a0\u00bb]<\/p>\n<h2>Notre promesse est de concevoir un espace plus personnalis\u00e9 pour vous.<\/h2>\n<p>[\/et_pb_text][et_pb_image src=\u00a0\u00bbhttps:\/\/orchidcork.com\/wp-content\/uploads\/2026\/02\/DSC_2791-scaled.webp\u00a0\u00bb _builder_version=\u00a0\u00bb4.27.4&Prime; _module_preset=\u00a0\u00bbdefault\u00a0\u00bb title_text=\u00a0\u00bbDSC_2791&Prime; hover_enabled=\u00a0\u00bb0&Prime; sticky_enabled=\u00a0\u00bb0&Prime;][\/et_pb_image][\/et_pb_column][et_pb_column type=\u00a0\u00bb1_2&Prime; _builder_version=\u00a0\u00bb4.21.0&Prime; _module_preset=\u00a0\u00bbdefault\u00a0\u00bb global_colors_info=\u00a0\u00bb{}\u00a0\u00bb][et_pb_text _builder_version=\u00a0\u00bb4.27.4&Prime; _module_preset=\u00a0\u00bb8235b622-df46-470f-bd2d-363ebbf71e08&Prime; hover_enabled=\u00a0\u00bb0&Prime; global_colors_info=\u00a0\u00bb{}\u00a0\u00bb sticky_enabled=\u00a0\u00bb0&Prime; custom_margin=\u00a0\u00bb||21px|||\u00a0\u00bb]<\/p>\n<h3 data-start=\"353\" data-end=\"412\">Un foyer pour les orchid\u00e9es, fa\u00e7onn\u00e9 par la passion et l\u2019exp\u00e9rience<\/h3>\n<p>&nbsp;<\/p>\n<p data-start=\"414\" data-end=\"716\">Chez OrchidCork, nous pensons que cultiver des orchid\u00e9es est plus qu\u2019un hobby \u2014 c\u2019est une mani\u00e8re de comprendre le temps, la patience et l\u2019\u00e9quilibre.<br data-start=\"541\" data-end=\"544\">Notre parcours a commenc\u00e9 avec une passion profonde pour la culture des orchid\u00e9es, y compris la propagation in vitro, un monde fascinant o\u00f9 la pr\u00e9cision, le soin et l\u2019observation sont essentiels.<\/p>\n<p data-start=\"718\" data-end=\"992\">Au fil des ann\u00e9es d\u2019exp\u00e9rience pratique, nous avons d\u00e9couvert que le succ\u00e8s de la culture des orchid\u00e9es ne d\u00e9pend pas seulement de la lumi\u00e8re, de l\u2019humidit\u00e9 ou des nutriments, mais aussi des mat\u00e9riaux qui entourent les racines. C\u2019est ainsi que la terre cuite cuite \u00e0 basse temp\u00e9rature est devenue notre alli\u00e9e naturelle. <\/p>\n<h2 data-start=\"999\" data-end=\"1016\">Notre philosophie<\/h2>\n<p data-start=\"1018\" data-end=\"1293\">Nous travaillons avec de la terre cuite artisanale, cuite \u00e0 basse temp\u00e9rature afin de pr\u00e9server sa porosit\u00e9, sa respirabilit\u00e9 et son interaction naturelle avec l\u2019eau.<br data-start=\"1167\" data-end=\"1170\">Ces qualit\u00e9s cr\u00e9ent un microclimat stable autour des racines, aidant les orchid\u00e9es \u00e0 prosp\u00e9rer d\u2019une mani\u00e8re plus proche de la nature.<\/p>\n<p data-start=\"1295\" data-end=\"1366\">Every piece we design is born from real cultivation needs \u2014 not trends.<\/p>\n<p data-start=\"1368\" data-end=\"1554\">Whether you grow orchids mounted, potted, or in semi-hydroponic systems, our terracotta products are designed to support healthy roots, controlled moisture, and long-term plant vitality.<\/p>\n<p>[\/et_pb_text][\/et_pb_column][\/et_pb_row][\/et_pb_section][et_pb_section fb_built=\u00a0\u00bb1&Prime; admin_label=\u00a0\u00bbVideo\u00a0\u00bb _builder_version=\u00a0\u00bb4.21.0&Prime; _module_preset=\u00a0\u00bbdefault\u00a0\u00bb locked=\u00a0\u00bboff\u00a0\u00bb collapsed=\u00a0\u00bbon\u00a0\u00bb global_colors_info=\u00a0\u00bb{}\u00a0\u00bb][et_pb_row _builder_version=\u00a0\u00bb4.21.0&Prime; _module_preset=\u00a0\u00bbdefault\u00a0\u00bb max_width=\u00a0\u00bb822px\u00a0\u00bb module_alignment=\u00a0\u00bbcenter\u00a0\u00bb saved_tabs=\u00a0\u00bball\u00a0\u00bb global_colors_info=\u00a0\u00bb{}\u00a0\u00bb custom_margin=\u00a0\u00bb-44px|auto||auto||\u00a0\u00bb][et_pb_column type=\u00a0\u00bb4_4&Prime; _builder_version=\u00a0\u00bb4.21.0&Prime; _module_preset=\u00a0\u00bbdefault\u00a0\u00bb global_colors_info=\u00a0\u00bb{}\u00a0\u00bb][et_pb_text _builder_version=\u00a0\u00bb4.21.0&Prime; _module_preset=\u00a0\u00bbf0e7c831-156e-4902-b4c1-b9761ae32e0c\u00a0\u00bb header_4_text_color=\u00a0\u00bbgcid-52e8b489-b10c-41af-b3c4-a69642f2df1f\u00a0\u00bb text_orientation=\u00a0\u00bbcenter\u00a0\u00bb global_colors_info=\u00a0\u00bb{%22gcid-52e8b489-b10c-41af-b3c4-a69642f2df1f%22:%91%22header_4_text_color%22%93}\u00a0\u00bb]<\/p>\n<h4>Aimez votre espace<\/h4>\n<p>[\/et_pb_text][et_pb_text _builder_version=\u00a0\u00bb4.27.4&Prime; _module_preset=\u00a0\u00bba4475869-a82a-4d72-b025-67baadd1b08a\u00a0\u00bb text_orientation=\u00a0\u00bbcenter\u00a0\u00bb hover_enabled=\u00a0\u00bb0&Prime; global_colors_info=\u00a0\u00bb{}\u00a0\u00bb sticky_enabled=\u00a0\u00bb0&Prime;]<\/p>\n<h3>Fait \u00e0 la main pour les amoureux des orchid\u00e9es et pour ceux qui aiment simplement<\/h3>\n<p>[\/et_pb_text][\/et_pb_column][\/et_pb_row][\/et_pb_section][et_pb_section fb_built=\u00a0\u00bb1&Prime; admin_label=\u00a0\u00bbServices\u00a0\u00bb _builder_version=\u00a0\u00bb4.21.0&Prime; _module_preset=\u00a0\u00bbdefault\u00a0\u00bb locked=\u00a0\u00bboff\u00a0\u00bb collapsed=\u00a0\u00bbon\u00a0\u00bb global_colors_info=\u00a0\u00bb{}\u00a0\u00bb custom_margin=\u00a0\u00bb-59px|||||\u00a0\u00bb min_height=\u00a0\u00bb874.2px\u00a0\u00bb custom_padding=\u00a0\u00bb||15px|||\u00a0\u00bb][et_pb_row column_structure=\u00a0\u00bb1_2,1_2&Prime; _builder_version=\u00a0\u00bb4.21.0&Prime; _module_preset=\u00a0\u00bbdefault\u00a0\u00bb global_colors_info=\u00a0\u00bb{}\u00a0\u00bb custom_margin=\u00a0\u00bb|auto|-7px|auto||\u00a0\u00bb][et_pb_column type=\u00a0\u00bb1_2&Prime; _builder_version=\u00a0\u00bb4.21.0&Prime; _module_preset=\u00a0\u00bbdefault\u00a0\u00bb global_colors_info=\u00a0\u00bb{}\u00a0\u00bb][et_pb_image src=\u00a0\u00bbhttps:\/\/orchidcork.com\/wp-content\/uploads\/2026\/02\/509024865_644321711995568_3430798451157843965_n-1.webp\u00a0\u00bb title_text=\u00a0\u00bb509024865_644321711995568_3430798451157843965_n\u00a0\u00bb _builder_version=\u00a0\u00bb4.27.4&Prime; _module_preset=\u00a0\u00bbdefault\u00a0\u00bb hover_enabled=\u00a0\u00bb0&Prime; border_radii=\u00a0\u00bbon|50px|50px|50px|50px\u00a0\u00bb locked=\u00a0\u00bboff\u00a0\u00bb global_colors_info=\u00a0\u00bb{}\u00a0\u00bb sticky_enabled=\u00a0\u00bb0&Prime;][\/et_pb_image][\/et_pb_column][et_pb_column type=\u00a0\u00bb1_2&Prime; _builder_version=\u00a0\u00bb4.21.0&Prime; _module_preset=\u00a0\u00bbdefault\u00a0\u00bb global_colors_info=\u00a0\u00bb{}\u00a0\u00bb][et_pb_text _builder_version=\u00a0\u00bb4.21.0&Prime; _module_preset=\u00a0\u00bbafde2f19-648a-4629-8b0f-7e03a44af627&Prime; locked=\u00a0\u00bboff\u00a0\u00bb global_colors_info=\u00a0\u00bb{}\u00a0\u00bb]<\/p>\n<h2>What We Do<\/h2>\n<p>[\/et_pb_text][et_pb_blurb title=\u00a0\u00bbMobilier &amp; Accessoires\u00a0\u00bb use_icon=\u00a0\u00bbon\u00a0\u00bb font_icon=\u00a0\u00bb&#xe0f9;||divi||400&Prime; _builder_version=\u00a0\u00bb4.27.4&Prime; _module_preset=\u00a0\u00bb5a66edac-9f3e-4521-8c06-3d7721384a17&Prime; hover_enabled=\u00a0\u00bb0&Prime; global_colors_info=\u00a0\u00bb{}\u00a0\u00bb sticky_enabled=\u00a0\u00bb0&Prime;]<\/p>\n<h2 data-start=\"1561\" data-end=\"1597\" style=\"text-align: center;\"><\/h2>\n<h2 data-start=\"1561\" data-end=\"1597\" style=\"text-align: left;\"><span style=\"font-size: 26px;\">De l\u2019in vitro \u00e0 l\u2019espace de vie<\/span><\/h2>\n<p data-start=\"1599\" data-end=\"1717\">Notre exp\u00e9rience de la culture in vitro des orchid\u00e9es nous a appris une le\u00e7on essentielle :<br data-start=\"1678\" data-end=\"1681\">les petits d\u00e9tails font une grande diff\u00e9rence.<\/p>\n<p data-start=\"1719\" data-end=\"1883\">Cette m\u00eame philosophie guide tout ce que nous cr\u00e9ons \u2014 des pots et accessoires pour orchid\u00e9es aux designs d\u2019inspiration botanique con\u00e7us pour vivre aux c\u00f4t\u00e9s de vos plantes et de votre maison.<\/p>\n<p data-start=\"1885\" data-end=\"1995\">Nous ne voyons pas les orchid\u00e9es comme de simples objets d\u00e9coratifs, mais comme des compagnons vivants qui m\u00e9ritent un design r\u00e9fl\u00e9chi et fonctionnel.<\/p>\n<p>[\/et_pb_blurb][\/et_pb_column][\/et_pb_row][\/et_pb_section][et_pb_section fb_built=\u00a0\u00bb1&Prime; admin_label=\u00a0\u00bbFooter Links\u00a0\u00bb _builder_version=\u00a0\u00bb4.21.0&Prime; _module_preset=\u00a0\u00bbdefault\u00a0\u00bb saved_tabs=\u00a0\u00bball\u00a0\u00bb locked=\u00a0\u00bboff\u00a0\u00bb collapsed=\u00a0\u00bbon\u00a0\u00bb global_colors_info=\u00a0\u00bb{}\u00a0\u00bb custom_padding=\u00a0\u00bb27px|||||\u00a0\u00bb custom_margin=\u00a0\u00bb-155px|||||\u00a0\u00bb][et_pb_row column_structure=\u00a0\u00bb1_2,1_2&Prime; _builder_version=\u00a0\u00bb4.21.0&Prime; _module_preset=\u00a0\u00bbdefault\u00a0\u00bb global_colors_info=\u00a0\u00bb{}\u00a0\u00bb custom_margin=\u00a0\u00bb-29px|auto||auto||\u00a0\u00bb][et_pb_column type=\u00a0\u00bb1_2&Prime; _builder_version=\u00a0\u00bb4.21.0&Prime; _module_preset=\u00a0\u00bbdefault\u00a0\u00bb global_colors_info=\u00a0\u00bb{}\u00a0\u00bb][et_pb_text _builder_version=\u00a0\u00bb4.27.4&Prime; _module_preset=\u00a0\u00bba4475869-a82a-4d72-b025-67baadd1b08a\u00a0\u00bb custom_margin=\u00a0\u00bb||20px||false|false\u00a0\u00bb hover_enabled=\u00a0\u00bb0&Prime; global_colors_info=\u00a0\u00bb{}\u00a0\u00bb sticky_enabled=\u00a0\u00bb0&Prime;]<\/p>\n<h3>Ce que nous faisons<\/h3>\n<p>[\/et_pb_text][et_pb_text _builder_version=\u00a0\u00bb4.27.4&Prime; _module_preset=\u00a0\u00bb8235b622-df46-470f-bd2d-363ebbf71e08&Prime; hover_enabled=\u00a0\u00bb0&Prime; global_colors_info=\u00a0\u00bb{}\u00a0\u00bb sticky_enabled=\u00a0\u00bb0&Prime; custom_margin=\u00a0\u00bb-16px|||||\u00a0\u00bb]<\/p>\n<h2 data-start=\"2002\" data-end=\"2015\"><\/h2>\n<h3 data-start=\"2017\" data-end=\"2059\">\ud83c\udf31 Terre cuite pour orchid\u00e9es<\/h3>\n<p data-start=\"2060\" data-end=\"2214\">Nous cr\u00e9ons des pots et accessoires en terre cuite respirants, sp\u00e9cialement con\u00e7us pour les orchid\u00e9es, favorisant la sant\u00e9 des racines, la r\u00e9gulation de l\u2019humidit\u00e9 et une croissance durable.<\/p>\n<h3 data-start=\"2216\" data-end=\"2250\">\ud83d\udd2c Design bas\u00e9 sur l\u2019exp\u00e9rience de culture<\/h3>\n<p data-start=\"2251\" data-end=\"2375\">Nos cr\u00e9ations sont inspir\u00e9es par une v\u00e9ritable exp\u00e9rience de culture, incluant la propagation in vitro, l\u2019acclimatation et le soin des plantes adultes.<\/p>\n<h3 data-start=\"2377\" data-end=\"2417\">\u267b\ufe0f Mat\u00e9riaux naturels et durables<\/h3>\n<p data-start=\"2418\" data-end=\"2575\">Argile cuite \u00e0 basse temp\u00e9rature, transformation minimale et mat\u00e9riaux durables \u2014 car la durabilit\u00e9 commence par la long\u00e9vit\u00e9 et le respect des processus naturels.<\/p>\n<p>[\/et_pb_text][\/et_pb_column][et_pb_column type=\u00a0\u00bb1_2&Prime; _builder_version=\u00a0\u00bb4.21.0&Prime; _module_preset=\u00a0\u00bbdefault\u00a0\u00bb global_colors_info=\u00a0\u00bb{}\u00a0\u00bb][et_pb_image src=\u00a0\u00bbhttps:\/\/orchidcork.com\/wp-content\/uploads\/2026\/02\/unisex-garment-dyed-heavyweight-t-shirt-ivory-front-69851160ef019.jpg\u00a0\u00bb _builder_version=\u00a0\u00bb4.27.4&Prime; _module_preset=\u00a0\u00bbdefault\u00a0\u00bb title_text=\u00a0\u00bbunisex-garment-dyed-heavyweight-t-shirt-ivory-front-69851160ef019&Prime; hover_enabled=\u00a0\u00bb0&Prime; sticky_enabled=\u00a0\u00bb0&Prime;][\/et_pb_image][\/et_pb_column][\/et_pb_row][et_pb_row _builder_version=\u00a0\u00bb4.21.0&Prime; _module_preset=\u00a0\u00bbdefault\u00a0\u00bb width=\u00a0\u00bb100%\u00a0\u00bb max_width=\u00a0\u00bbnone\u00a0\u00bb custom_margin=\u00a0\u00bb30px||||false|false\u00a0\u00bb custom_padding=\u00a0\u00bb0px|10%||10%|false|true\u00a0\u00bb border_color_all=\u00a0\u00bbrgba(0,0,0,0.12)\u00a0\u00bb border_width_top=\u00a0\u00bb1px\u00a0\u00bb global_colors_info=\u00a0\u00bb{}\u00a0\u00bb][et_pb_column type=\u00a0\u00bb4_4&Prime; _builder_version=\u00a0\u00bb4.21.0&Prime; _module_preset=\u00a0\u00bbdefault\u00a0\u00bb global_colors_info=\u00a0\u00bb{}\u00a0\u00bb][\/et_pb_column][\/et_pb_row][\/et_pb_section]<\/p>\n","protected":false},"excerpt":{"rendered":"<p>\u00c0 propos de nousNotre promesse est de concevoir un espace plus personnalis\u00e9 pour vous.Un foyer pour les orchid\u00e9es, fa\u00e7onn\u00e9 par la passion et l\u2019exp\u00e9rience &nbsp; Chez OrchidCork, nous pensons que cultiver des orchid\u00e9es est plus qu\u2019un hobby \u2014 c\u2019est une mani\u00e8re de comprendre le temps, la patience et l\u2019\u00e9quilibre.Notre parcours a commenc\u00e9 avec une passion [&hellip;]<\/p>\n","protected":false},"author":1,"featured_media":0,"parent":0,"menu_order":0,"comment_status":"closed","ping_status":"closed","template":"","meta":{"_et_pb_use_builder":"on","_et_pb_old_content":"","_et_gb_content_width":"","footnotes":""},"class_list":["post-103206","page","type-page","status-publish","hentry"],"_links":{"self":[{"href":"https:\/\/orchidcork.com\/fr\/wp-json\/wp\/v2\/pages\/103206","targetHints":{"allow":["GET"]}}],"collection":[{"href":"https:\/\/orchidcork.com\/fr\/wp-json\/wp\/v2\/pages"}],"about":[{"href":"https:\/\/orchidcork.com\/fr\/wp-json\/wp\/v2\/types\/page"}],"author":[{"embeddable":true,"href":"https:\/\/orchidcork.com\/fr\/wp-json\/wp\/v2\/users\/1"}],"replies":[{"embeddable":true,"href":"https:\/\/orchidcork.com\/fr\/wp-json\/wp\/v2\/comments?post=103206"}],"version-history":[{"count":2,"href":"https:\/\/orchidcork.com\/fr\/wp-json\/wp\/v2\/pages\/103206\/revisions"}],"predecessor-version":[{"id":103208,"href":"https:\/\/orchidcork.com\/fr\/wp-json\/wp\/v2\/pages\/103206\/revisions\/103208"}],"wp:attachment":[{"href":"https:\/\/orchidcork.com\/fr\/wp-json\/wp\/v2\/media?parent=103206"}],"curies":[{"name":"wp","href":"https:\/\/api.w.org\/{rel}","templated":true}]}}